{"id":12053,"date":"2021-12-21T15:13:27","date_gmt":"2021-12-21T14:13:27","guid":{"rendered":"https:\/\/katapultsports.es\/?page_id=12053"},"modified":"2022-04-08T12:38:15","modified_gmt":"2022-04-08T10:38:15","slug":"aviso-legal","status":"publish","type":"page","link":"https:\/\/katapultsports.es\/es\/aviso-legal\/","title":{"rendered":"Aviso legal"},"content":{"rendered":"<style>.elementor-12053 .elementor-element.elementor-element-68c9b9c:not(.elementor-motion-effects-element-type-background), .elementor-12053 .elementor-element.elementor-element-68c9b9c > .elementor-motion-effects-container > .elementor-motion-effects-layer{background-color:var( --e-global-color-primary );}.elementor-12053 .elementor-element.elementor-element-68c9b9c{transition:background 0.3s, border 0.3s, border-radius 0.3s, box-shadow 0.3s;margin-top:-95px;margin-bottom:0px;padding:80px 0px 0px 0px;}.elementor-12053 .elementor-element.elementor-element-68c9b9c > .elementor-background-overlay{transition:background 0.3s, border-radius 0.3s, opacity 0.3s;}.elementor-12053 .elementor-element.elementor-element-e5115a0 > .elementor-element-populated{padding:50px 0px 50px 0px;}.elementor-widget-heading .elementor-heading-title{font-family:var( --e-global-typography-primary-font-family ), Sans-serif;font-size:var( --e-global-typography-primary-font-size );font-weight:var( --e-global-typography-primary-font-weight );line-height:var( --e-global-typography-primary-line-height );color:var( --e-global-color-primary );}.elementor-12053 .elementor-element.elementor-element-2524875 .elementor-heading-title{font-family:var( --e-global-typography-secondary-font-family ), Sans-serif;font-size:var( --e-global-typography-secondary-font-size );font-weight:var( --e-global-typography-secondary-font-weight );line-height:var( --e-global-typography-secondary-line-height );color:var( --e-global-color-f097191 );}.elementor-12053 .elementor-element.elementor-element-1ba7a88b{margin-top:40px;margin-bottom:60px;}.elementor-widget-text-editor{font-family:var( --e-global-typography-text-font-family ), Sans-serif;font-size:var( --e-global-typography-text-font-size );font-weight:var( --e-global-typography-text-font-weight );line-height:var( --e-global-typography-text-line-height );color:var( --e-global-color-text );}.elementor-widget-text-editor.elementor-drop-cap-view-stacked .elementor-drop-cap{background-color:var( --e-global-color-primary );}.elementor-widget-text-editor.elementor-drop-cap-view-framed .elementor-drop-cap, .elementor-widget-text-editor.elementor-drop-cap-view-default .elementor-drop-cap{color:var( --e-global-color-primary );border-color:var( --e-global-color-primary );}:root{--page-title-display:none;}@media(max-width:1024px){.elementor-widget-heading .elementor-heading-title{font-size:var( --e-global-typography-primary-font-size );line-height:var( --e-global-typography-primary-line-height );}.elementor-12053 .elementor-element.elementor-element-2524875 .elementor-heading-title{font-size:var( --e-global-typography-secondary-font-size );line-height:var( --e-global-typography-secondary-line-height );}.elementor-widget-text-editor{font-size:var( --e-global-typography-text-font-size );line-height:var( --e-global-typography-text-line-height );}}@media(max-width:767px){.elementor-widget-heading .elementor-heading-title{font-size:var( --e-global-typography-primary-font-size );line-height:var( --e-global-typography-primary-line-height );}.elementor-12053 .elementor-element.elementor-element-2524875 .elementor-heading-title{font-size:var( --e-global-typography-secondary-font-size );line-height:var( --e-global-typography-secondary-line-height );}.elementor-widget-text-editor{font-size:var( --e-global-typography-text-font-size );line-height:var( --e-global-typography-text-line-height );}}<\/style>\t\t<div data-elementor-type=\"wp-page\" data-elementor-id=\"12053\" class=\"elementor elementor-12053 elementor-11454\" data-elementor-post-type=\"page\">\n\t\t\t\t\t\t<section class=\"has_ae_slider elementor-section elementor-top-section elementor-element elementor-element-68c9b9c elementor-section-boxed elementor-section-height-default elementor-section-height-default ae-bg-gallery-type-default\" data-id=\"68c9b9c\" data-element_type=\"section\" data-settings=\"{&quot;background_background&quot;:&quot;classic&quot;}\">\n\t\t\t\t\t\t<div class=\"elementor-container elementor-column-gap-default\">\n\t\t\t\t\t<div class=\"has_ae_slider elementor-column elementor-col-100 elementor-top-column elementor-element elementor-element-e5115a0 ae-bg-gallery-type-default\" data-id=\"e5115a0\" data-element_type=\"column\">\n\t\t\t<div class=\"elementor-widget-wrap elementor-element-populated\">\n\t\t\t\t\t\t<div class=\"elementor-element elementor-element-2524875 elementor-widget elementor-widget-heading\" data-id=\"2524875\" data-element_type=\"widget\" data-widget_type=\"heading.default\">\n\t\t\t\t<div class=\"elementor-widget-container\">\n\t\t\t\t\t<h3 class=\"elementor-heading-title elementor-size-default\">Aviso Legal<\/h3>\t\t\t\t<\/div>\n\t\t\t\t<\/div>\n\t\t\t\t\t<\/div>\n\t\t<\/div>\n\t\t\t\t\t<\/div>\n\t\t<\/section>\n\t\t\t\t<section class=\"has_ae_slider elementor-section elementor-top-section elementor-element elementor-element-1ba7a88b elementor-section-boxed elementor-section-height-default elementor-section-height-default ae-bg-gallery-type-default\" data-id=\"1ba7a88b\" data-element_type=\"section\">\n\t\t\t\t\t\t<div class=\"elementor-container elementor-column-gap-default\">\n\t\t\t\t\t<div class=\"has_ae_slider elementor-column elementor-col-100 elementor-top-column elementor-element elementor-element-668db5e9 ae-bg-gallery-type-default\" data-id=\"668db5e9\" data-element_type=\"column\">\n\t\t\t<div class=\"elementor-widget-wrap elementor-element-populated\">\n\t\t\t\t\t\t<div class=\"elementor-element elementor-element-5ae922dd elementor-widget elementor-widget-text-editor\" data-id=\"5ae922dd\" data-element_type=\"widget\" data-widget_type=\"text-editor.default\">\n\t\t\t\t<div class=\"elementor-widget-container\">\n\t\t\t\t\t\t\t\t\t<h4>INTRODUCCI\u00d3N<\/h4><p>En cumplimiento de la Ley 34\/2002, de 11 de julio, de Servicios de la Sociedad de la Informaci\u00f3n y de Comercio Electr\u00f3nico (LSSI-CE), KATAPULT SPORTS AND ENTERTAINMENT SL informa que es titular del sitio web. De acuerdo con la exigencia del art\u00edculo 10 de la citada Ley, KATAPULT SPORTS AND ENTERTAINMENT SL informa de los siguientes datos:<\/p><table width=\"614\"><tbody><tr><td width=\"130\"><p><strong>RAZ\u00d3N SOCIAL <\/strong><\/p><\/td><td width=\"484\"><p>KATAPULT SPORTS AND ENTERTAINMENT SL<\/p><\/td><\/tr><tr><td width=\"130\"><p><strong>NIF <\/strong><\/p><\/td><td width=\"484\"><p>B86644267<\/p><\/td><\/tr><tr><td width=\"130\"><p><strong>DIRECCI\u00d3N POSTAL <\/strong><\/p><\/td><td width=\"484\"><p>AVDA. DEL GENERAL PER\u00d3N 22, 1\u00baB\u00a0\u00a0 28020, MADRID<\/p><\/td><\/tr><tr><td width=\"130\"><p><strong>DIRECCI\u00d3N ELECTR\u00d3NICA <\/strong><\/p><\/td><td width=\"484\"><p><u>sports@katapult.es<\/u>\u00a0<\/p><\/td><\/tr><tr><td width=\"130\"><p><strong>TEL\u00c9FONOS\u00a0 <\/strong><\/p><\/td><td width=\"484\"><p>647770073<\/p><\/td><\/tr><tr><td width=\"130\"><p><strong>REGISTRO MERCANTIL <\/strong><\/p><\/td><td width=\"484\"><p>R.M. Madrid, Tomo 30.738, Folio 17, Secci\u00f3n 8, Hoja M-553141, Inscripci\u00f3n 1<\/p><\/td><\/tr><tr><td width=\"130\"><p><strong>OBJETO PRINCIPAL <\/strong><\/p><\/td><td width=\"484\"><p>Agencia de publicidad especializada en el \u00e1mbito deportivo.<\/p><\/td><\/tr><\/tbody><\/table><h4>\u00a0<\/h4><h4>USUARIO Y R\u00c9GIMEN DE RESPONSABILIDADES<\/h4><p>La navegaci\u00f3n, acceso y uso por el sitio web de KATAPULT SPORTS AND ENTERTAINMENT SL confiere la condici\u00f3n de usuario, por la que se aceptan, desde la navegaci\u00f3n por el sitio web de KATAPULT SPORTS AND ENTERTAINMENT SL, todas las condiciones de uso aqu\u00ed establecidas sin perjuicio de la aplicaci\u00f3n de la correspondiente normativa de obligado cumplimiento legal seg\u00fan el caso.<\/p><p>El sitio web de KATAPULT SPORTS AND ENTERTAINMENT SL proporciona gran diversidad de informaci\u00f3n, servicios y datos. El usuario asume su responsabilidad en el uso correcto del sitio web. Esta responsabilidad se extender\u00e1 a:<\/p><ul><li>La veracidad y licitud de las informaciones aportadas por el usuario en los formularios extendidos por KATAPULT SPORTS AND ENTERTAINMENT SL para el acceso a ciertos contenidos o servicios ofrecidos por el web.<\/li><li>El uso de la informaci\u00f3n, servicios y datos ofrecidos por KATAPULT SPORTS AND ENTERTAINMENT SL contrariamente a lo dispuesto por las presentes condiciones, la Ley, la moral, las buenas costumbres o el orden p\u00fablico, o que de cualquier otro modo puedan suponer lesi\u00f3n de los derechos de terceros o del mismo funcionamiento del sitio web.<\/li><\/ul><h4>\u00a0<\/h4><h4>POL\u00cdTICA DE ENLACES Y EXENCIONES DE RESPONSABILIDAD<\/h4><p>KATAPULT SPORTS AND ENTERTAINMENT SL no se hace responsable del contenido de los sitios web a los que el usuario pueda acceder a trav\u00e9s de los enlaces establecidos en su sitio web y declara que en ning\u00fan caso proceder\u00e1 a examinar o ejercitar ning\u00fan tipo de control sobre el contenido de otros sitios de la red. Asimismo, tampoco garantizar\u00e1 la disponibilidad t\u00e9cnica, exactitud, veracidad, validez o legalidad de sitios ajenos a su propiedad a los que se pueda acceder por medio de los enlaces.<\/p><p>KATAPULT SPORTS AND ENTERTAINMENT SL declara haber adoptado todas las medidas necesarias para evitar cualquier da\u00f1o a los usuarios de su sitio web, que pudieran derivarse de la navegaci\u00f3n por su sitio web. En consecuencia, KATAPULT SPORTS AND ENTERTAINMENT SL no se hace responsable, en ning\u00fan caso, de los eventuales da\u00f1os que por la navegaci\u00f3n por Internet pudiera sufrir el usuario.<\/p><h4>\u00a0<\/h4><h4>MODIFICACIONES<\/h4><p>KATAPULT SPORTS AND ENTERTAINMENT SL se reserva el derecho a realizar las modificaciones que considere oportunas, sin aviso previo, en el contenido de su sitio web. Tanto en lo referente a los contenidos del sitio web, como en las condiciones de uso del mismo, o en las condiciones generales de contrataci\u00f3n. Dichas modificaciones podr\u00e1n realizarse a trav\u00e9s de su sitio web por cualquier forma admisible en derecho y ser\u00e1n de obligado cumplimiento durante el tiempo en que se encuentren publicadas en el web y hasta que no sean modificadas v\u00e1lidamente por otras posteriores.<\/p><h4>\u00a0<\/h4><h4>PROPIEDAD INTELECTUAL E INDUSTRIAL<\/h4><p>KATAPULT SPORTS AND ENTERTAINMENT SL por s\u00ed misma o como cesionaria, es titular de todos los derechos de propiedad intelectual e industrial de su p\u00e1gina web, as\u00ed como de los elementos contenidos en la misma (a t\u00edtulo enunciativo, im\u00e1genes, sonido, audio, v\u00eddeo, software o textos; marcas o logotipos, combinaciones de colores, estructura y dise\u00f1o, selecci\u00f3n de materiales usados, programas de ordenador necesarios para su funcionamiento, acceso y uso, etc.), titularidad de KATAPULT SPORTS AND ENTERTAINMENT SL. Ser\u00e1n, por consiguiente, obras protegidas como propiedad intelectual por el ordenamiento jur\u00eddico espa\u00f1ol, si\u00e9ndoles aplicables tanto la normativa espa\u00f1ola y comunitaria en este campo, como los tratados internacionales relativos a la materia y suscritos por Espa\u00f1a.<\/p><p>Todos los derechos reservados. En virtud de lo dispuesto en la Ley de Propiedad Intelectual, quedan expresamente prohibidas la reproducci\u00f3n, la distribuci\u00f3n y la comunicaci\u00f3n p\u00fablica, incluida su modalidad de puesta a disposici\u00f3n, de la totalidad o parte de los contenidos de esta p\u00e1gina web, con fines comerciales, en cualquier soporte y por cualquier medio t\u00e9cnico, sin la autorizaci\u00f3n de KATAPULT SPORTS AND ENTERTAINMENT SL.<\/p><p>El usuario se compromete a respetar los derechos de Propiedad Intelectual e Industrial titularidad de KATAPULT SPORTS AND ENTERTAINMENT SL. Podr\u00e1 visualizar los elementos del portal e incluso imprimirlos, copiarlos y almacenarlos en el disco duro de su ordenador o en cualquier otro soporte f\u00edsico siempre y cuando sea, \u00fanica y exclusivamente, para su uso personal y privado. El usuario deber\u00e1 abstenerse de suprimir, alterar, eludir o manipular cualquier dispositivo de protecci\u00f3n o sistema de seguridad que estuviera instalado en\u00a0 las p\u00e1ginas de<\/p><p>KATAPULT SPORTS AND ENTERTAINMENT SL.<\/p><h4>\u00a0<\/h4><h4>CERTIFICADO SSL (SECURE SOCKETS LAYER)<\/h4><p>El CERTIFICADO SSL proporciona autenticaci\u00f3n, privacidad y seguridad de la informaci\u00f3n entre KATAPULT SPORTS AND ENTERTAINMENT SL y el usuario.<\/p><p>KATAPULT SPORTS AND ENTERTAINMENT SL dispone de un certificado de seguridad que se utiliza por CERTIFICADO SSL para realizar conexiones seguras.<\/p><p>En este proceso se establecen varios par\u00e1metros para realizar la conexi\u00f3n de forma segura y se establece usando llaves preestablecidas, codificando y descodificando todos los datos enviados hasta que la conexi\u00f3n sea cerrada.<strong>\u00a0<\/strong><\/p><h4>\u00a0<\/h4><h4>ACCIONES LEGALES, LEGISLACI\u00d3N APLICABLE Y JURISDICCI\u00d3N<\/h4><p>KATAPULT SPORTS AND ENTERTAINMENT SL se reserva, asimismo, la facultad de presentar las acciones civiles o penales que considere oportunas por la utilizaci\u00f3n indebida de su sitio web y contenidos, o por el incumplimiento de las presentes condiciones.<\/p><p>La relaci\u00f3n entre el usuario y el prestador se regir\u00e1 por la normativa vigente y de aplicaci\u00f3n en el territorio espa\u00f1ol. De surgir cualquier controversia las partes podr\u00e1n someter sus conflictos a arbitraje o acudir a la jurisdicci\u00f3n ordinaria cumpliendo con las normas sobre jurisdicci\u00f3n y competencia al respecto. KATAPULT SPORTS AND ENTERTAINMENT SL tiene su domicilio en MADRID, Espa\u00f1a.<\/p><p>Los contratos celebrados por v\u00eda electr\u00f3nica en los que intervenga como parte un consumidor se presumir\u00e1n celebrados en el lugar en que este tenga su residencia habitual.<\/p><p>Los contratos electr\u00f3nicos entre empresarios o profesionales, en defecto de pacto entre las partes, se presumir\u00e1n celebrados en el lugar en que est\u00e9 establecido el prestador de servicios.<\/p><p style=\"text-align: right;\"><u>\u00a0<\/u><\/p><p style=\"text-align: right;\"><u>\u00daLTIMA ACTUALIZACI\u00d3N<\/u>: 18 de noviembre de 2021<\/p><p style=\"text-align: right;\">\u00a0<\/p>\t\t\t\t\t\t\t\t<\/div>\n\t\t\t\t<\/div>\n\t\t\t\t\t<\/div>\n\t\t<\/div>\n\t\t\t\t\t<\/div>\n\t\t<\/section>\n\t\t\t\t<\/div>\n\t\t","protected":false},"excerpt":{"rendered":"","protected":false},"author":2,"featured_media":0,"parent":0,"menu_order":10,"comment_status":"closed","ping_status":"closed","template":"","meta":{"footnotes":""},"class_list":["post-12053","page","type-page","status-publish","hentry"],"acf":[],"yoast_head":"<!-- This site is optimized with the Yoast SEO plugin v26.7 - https:\/\/yoast.com\/wordpress\/plugins\/seo\/ -->\n<title>Aviso legal - Katapult Sports<\/title>\n<meta name=\"robots\" content=\"noindex, nofollow\" \/>\n<meta property=\"og:locale\" content=\"es_ES\" \/>\n<meta property=\"og:type\" content=\"article\" \/>\n<meta property=\"og:title\" content=\"Aviso legal - Katapult Sports\" \/>\n<meta property=\"og:url\" content=\"https:\/\/katapultsports.es\/es\/aviso-legal\/\" \/>\n<meta property=\"og:site_name\" content=\"Katapult Sports\" \/>\n<meta property=\"article:publisher\" content=\"https:\/\/www.facebook.com\/KatapultSports\" \/>\n<meta property=\"article:modified_time\" content=\"2022-04-08T10:38:15+00:00\" \/>\n<meta property=\"og:image\" content=\"https:\/\/katapultsports.es\/wp-content\/uploads\/2021\/08\/About-Katapult-Group.jpg\" \/>\n\t<meta property=\"og:image:width\" content=\"1280\" \/>\n\t<meta property=\"og:image:height\" content=\"590\" \/>\n\t<meta property=\"og:image:type\" content=\"image\/jpeg\" \/>\n<meta name=\"twitter:card\" content=\"summary_large_image\" \/>\n<meta name=\"twitter:site\" content=\"@katapult_sports\" \/>\n<script type=\"application\/ld+json\" class=\"yoast-schema-graph\">{\"@context\":\"https:\/\/schema.org\",\"@graph\":[{\"@type\":\"WebPage\",\"@id\":\"https:\/\/katapultsports.es\/es\/aviso-legal\/\",\"url\":\"https:\/\/katapultsports.es\/es\/aviso-legal\/\",\"name\":\"Aviso legal - Katapult Sports\",\"isPartOf\":{\"@id\":\"https:\/\/katapultsports.es\/es\/#website\"},\"datePublished\":\"2021-12-21T14:13:27+00:00\",\"dateModified\":\"2022-04-08T10:38:15+00:00\",\"breadcrumb\":{\"@id\":\"https:\/\/katapultsports.es\/es\/aviso-legal\/#breadcrumb\"},\"inLanguage\":\"es\",\"potentialAction\":[{\"@type\":\"ReadAction\",\"target\":[\"https:\/\/katapultsports.es\/es\/aviso-legal\/\"]}]},{\"@type\":\"BreadcrumbList\",\"@id\":\"https:\/\/katapultsports.es\/es\/aviso-legal\/#breadcrumb\",\"itemListElement\":[{\"@type\":\"ListItem\",\"position\":1,\"name\":\"Home\",\"item\":\"https:\/\/katapultsports.es\/es\/\"},{\"@type\":\"ListItem\",\"position\":2,\"name\":\"Aviso legal\"}]},{\"@type\":\"WebSite\",\"@id\":\"https:\/\/katapultsports.es\/es\/#website\",\"url\":\"https:\/\/katapultsports.es\/es\/\",\"name\":\"Katapult Sports - Sports and Gaming Agency\",\"description\":\"Sports and Gaming Agency\",\"publisher\":{\"@id\":\"https:\/\/katapultsports.es\/es\/#organization\"},\"alternateName\":\"Katapult Sports\",\"potentialAction\":[{\"@type\":\"SearchAction\",\"target\":{\"@type\":\"EntryPoint\",\"urlTemplate\":\"https:\/\/katapultsports.es\/es\/?s={search_term_string}\"},\"query-input\":{\"@type\":\"PropertyValueSpecification\",\"valueRequired\":true,\"valueName\":\"search_term_string\"}}],\"inLanguage\":\"es\"},{\"@type\":\"Organization\",\"@id\":\"https:\/\/katapultsports.es\/es\/#organization\",\"name\":\"Katapult Sports - Sports and Gaming Agency\",\"alternateName\":\"Katapult Sports\",\"url\":\"https:\/\/katapultsports.es\/es\/\",\"logo\":{\"@type\":\"ImageObject\",\"inLanguage\":\"es\",\"@id\":\"https:\/\/katapultsports.es\/es\/#\/schema\/logo\/image\/\",\"url\":\"https:\/\/katapultsports.es\/wp-content\/uploads\/2021\/08\/Our-Team-Katapult.jpg\",\"contentUrl\":\"https:\/\/katapultsports.es\/wp-content\/uploads\/2021\/08\/Our-Team-Katapult.jpg\",\"width\":800,\"height\":600,\"caption\":\"Katapult Sports - Sports and Gaming Agency\"},\"image\":{\"@id\":\"https:\/\/katapultsports.es\/es\/#\/schema\/logo\/image\/\"},\"sameAs\":[\"https:\/\/www.facebook.com\/KatapultSports\",\"https:\/\/x.com\/katapult_sports\",\"https:\/\/www.linkedin.com\/company\/katapult-sports\/\",\"https:\/\/www.youtube.com\/channel\/UCLhvr75tzmULOO6R3u4e0qg\",\"https:\/\/www.instagram.com\/katapult_sports\/\"]}]}<\/script>\n<!-- \/ Yoast SEO plugin. -->","yoast_head_json":{"title":"Aviso legal - Katapult Sports","robots":{"index":"noindex","follow":"nofollow"},"og_locale":"es_ES","og_type":"article","og_title":"Aviso legal - Katapult Sports","og_url":"https:\/\/katapultsports.es\/es\/aviso-legal\/","og_site_name":"Katapult Sports","article_publisher":"https:\/\/www.facebook.com\/KatapultSports","article_modified_time":"2022-04-08T10:38:15+00:00","og_image":[{"width":1280,"height":590,"url":"https:\/\/katapultsports.es\/wp-content\/uploads\/2021\/08\/About-Katapult-Group.jpg","type":"image\/jpeg"}],"twitter_card":"summary_large_image","twitter_site":"@katapult_sports","schema":{"@context":"https:\/\/schema.org","@graph":[{"@type":"WebPage","@id":"https:\/\/katapultsports.es\/es\/aviso-legal\/","url":"https:\/\/katapultsports.es\/es\/aviso-legal\/","name":"Aviso legal - Katapult Sports","isPartOf":{"@id":"https:\/\/katapultsports.es\/es\/#website"},"datePublished":"2021-12-21T14:13:27+00:00","dateModified":"2022-04-08T10:38:15+00:00","breadcrumb":{"@id":"https:\/\/katapultsports.es\/es\/aviso-legal\/#breadcrumb"},"inLanguage":"es","potentialAction":[{"@type":"ReadAction","target":["https:\/\/katapultsports.es\/es\/aviso-legal\/"]}]},{"@type":"BreadcrumbList","@id":"https:\/\/katapultsports.es\/es\/aviso-legal\/#breadcrumb","itemListElement":[{"@type":"ListItem","position":1,"name":"Home","item":"https:\/\/katapultsports.es\/es\/"},{"@type":"ListItem","position":2,"name":"Aviso legal"}]},{"@type":"WebSite","@id":"https:\/\/katapultsports.es\/es\/#website","url":"https:\/\/katapultsports.es\/es\/","name":"Katapult Sports - Sports and Gaming Agency","description":"Sports and Gaming Agency","publisher":{"@id":"https:\/\/katapultsports.es\/es\/#organization"},"alternateName":"Katapult Sports","potentialAction":[{"@type":"SearchAction","target":{"@type":"EntryPoint","urlTemplate":"https:\/\/katapultsports.es\/es\/?s={search_term_string}"},"query-input":{"@type":"PropertyValueSpecification","valueRequired":true,"valueName":"search_term_string"}}],"inLanguage":"es"},{"@type":"Organization","@id":"https:\/\/katapultsports.es\/es\/#organization","name":"Katapult Sports - Sports and Gaming Agency","alternateName":"Katapult Sports","url":"https:\/\/katapultsports.es\/es\/","logo":{"@type":"ImageObject","inLanguage":"es","@id":"https:\/\/katapultsports.es\/es\/#\/schema\/logo\/image\/","url":"https:\/\/katapultsports.es\/wp-content\/uploads\/2021\/08\/Our-Team-Katapult.jpg","contentUrl":"https:\/\/katapultsports.es\/wp-content\/uploads\/2021\/08\/Our-Team-Katapult.jpg","width":800,"height":600,"caption":"Katapult Sports - Sports and Gaming Agency"},"image":{"@id":"https:\/\/katapultsports.es\/es\/#\/schema\/logo\/image\/"},"sameAs":["https:\/\/www.facebook.com\/KatapultSports","https:\/\/x.com\/katapult_sports","https:\/\/www.linkedin.com\/company\/katapult-sports\/","https:\/\/www.youtube.com\/channel\/UCLhvr75tzmULOO6R3u4e0qg","https:\/\/www.instagram.com\/katapult_sports\/"]}]}},"_links":{"self":[{"href":"https:\/\/katapultsports.es\/es\/wp-json\/wp\/v2\/pages\/12053","targetHints":{"allow":["GET"]}}],"collection":[{"href":"https:\/\/katapultsports.es\/es\/wp-json\/wp\/v2\/pages"}],"about":[{"href":"https:\/\/katapultsports.es\/es\/wp-json\/wp\/v2\/types\/page"}],"author":[{"embeddable":true,"href":"https:\/\/katapultsports.es\/es\/wp-json\/wp\/v2\/users\/2"}],"replies":[{"embeddable":true,"href":"https:\/\/katapultsports.es\/es\/wp-json\/wp\/v2\/comments?post=12053"}],"version-history":[{"count":0,"href":"https:\/\/katapultsports.es\/es\/wp-json\/wp\/v2\/pages\/12053\/revisions"}],"wp:attachment":[{"href":"https:\/\/katapultsports.es\/es\/wp-json\/wp\/v2\/media?parent=12053"}],"curies":[{"name":"wp","href":"https:\/\/api.w.org\/{rel}","templated":true}]}}